{"id":16,"date":"2020-02-21T12:03:56","date_gmt":"2020-02-21T12:03:56","guid":{"rendered":"https:\/\/sy-muffet.de\/?page_id=16"},"modified":"2020-03-02T23:05:04","modified_gmt":"2020-03-02T23:05:04","slug":"ueber-uns","status":"publish","type":"page","link":"https:\/\/sy-muffet.de\/?page_id=16","title":{"rendered":"\u00dcber uns"},"content":{"rendered":"<p><img loading=\"lazy\" decoding=\"async\" class=\"alignnone size-medium wp-image-309\" src=\"https:\/\/sy-muffet.de\/wp-content\/uploads\/2020\/03\/IMG_3243klein-225x300.jpg\" alt=\"\" width=\"225\" height=\"300\" srcset=\"https:\/\/sy-muffet.de\/wp-content\/uploads\/2020\/03\/IMG_3243klein-225x300.jpg 225w, https:\/\/sy-muffet.de\/wp-content\/uploads\/2020\/03\/IMG_3243klein-768x1024.jpg 768w, https:\/\/sy-muffet.de\/wp-content\/uploads\/2020\/03\/IMG_3243klein-1152x1536.jpg 1152w, https:\/\/sy-muffet.de\/wp-content\/uploads\/2020\/03\/IMG_3243klein.jpg 1500w\" sizes=\"(max-width: 225px) 100vw, 225px\" \/><\/p>\n<p><strong>Skipperin<\/strong><br \/>\nReiselustige Informatiklehrerin (aus S\u00fcd-Thailand), 2010 zum Wassersport gekommen. Ca. 2000 sm Erfahrung vor dem Start<br \/>\nSBF See, SRC,<br \/>\nLehrgang Bootsdieselmotoren, Lehrgang Medizin auf See, Kommunikationsseminar<br \/>\n<strong>Skipper<\/strong> (aus der Schwabenmetropole Stuttgart)<br \/>\nehemaliger Sport-, ITG (Informatik-) und Erdkundelehrer,<br \/>\nExtrembergsteiger mit 7000er Erfahrung, Expeditionen nach Nepal, Tadschikistan und Peru; staatl. gepr. Bergf\u00fchrer;<br \/>\nSegelflieger (Deutscher Meister im Streckensegelflug und Barron-Hilton-Cup Gewinner).<br \/>\nIm Alter von 14 Jahren segeln gelernt an der Atlantik-K\u00fcste in Frankreich. Nach einigen J\u00e4hrchen mit Segeln anderen Hobbies (s.o.) zugewendet. Seit 2003 Yachtsegeln, fast ausschlie\u00dflich als Skipper.<br \/>\nLiebt Starkwindsegeln in der \u00c4g\u00e4is bei Meltemi oder in Kroatien bei Yugo oder Bora\u2026<br \/>\nSSS, SRC, LRC, s\u00e4mtliche Binnenscheinchen, FKN f\u00fcr Seenotsignalmittel.<br \/>\nLehrgang Bootsdieselmotoren, Lehrgang Medizin auf See, Kommunikationsseminar<br \/>\nCa. 7000 sm Erfahrung vor Start in den Revieren Ostsee, Nordsee, NO-Pazifik, \u00c4g\u00e4is, Kroatien, Elba, Korsika, Sardinien, Irische See.<br \/>\nSchwerwettertraining in der Nordsee mit Logemann-Yachting.<br \/>\nBeide sind wir Mitglied im Trans Ocean.<\/p>\n","protected":false},"excerpt":{"rendered":"<p>Skipperin Reiselustige Informatiklehrerin (aus S\u00fcd-Thailand), 2010 zum Wassersport gekommen. Ca. 2000 sm Erfahrung vor dem Start SBF See, SRC, Lehrgang [&hellip;]<\/p>\n","protected":false},"author":2,"featured_media":0,"parent":0,"menu_order":0,"comment_status":"closed","ping_status":"closed","template":"","meta":{"footnotes":""},"_links":{"self":[{"href":"https:\/\/sy-muffet.de\/index.php?rest_route=\/wp\/v2\/pages\/16"}],"collection":[{"href":"https:\/\/sy-muffet.de\/index.php?rest_route=\/wp\/v2\/pages"}],"about":[{"href":"https:\/\/sy-muffet.de\/index.php?rest_route=\/wp\/v2\/types\/page"}],"author":[{"embeddable":true,"href":"https:\/\/sy-muffet.de\/index.php?rest_route=\/wp\/v2\/users\/2"}],"replies":[{"embeddable":true,"href":"https:\/\/sy-muffet.de\/index.php?rest_route=%2Fwp%2Fv2%2Fcomments&post=16"}],"version-history":[{"count":2,"href":"https:\/\/sy-muffet.de\/index.php?rest_route=\/wp\/v2\/pages\/16\/revisions"}],"predecessor-version":[{"id":319,"href":"https:\/\/sy-muffet.de\/index.php?rest_route=\/wp\/v2\/pages\/16\/revisions\/319"}],"wp:attachment":[{"href":"https:\/\/sy-muffet.de\/index.php?rest_route=%2Fwp%2Fv2%2Fmedia&parent=16"}],"curies":[{"name":"wp","href":"https:\/\/api.w.org\/{rel}","templated":true}]}}